{"id":40,"date":"2017-06-25T12:07:32","date_gmt":"2017-06-25T10:07:32","guid":{"rendered":"http:\/\/chatalors.fr\/?page_id=40"},"modified":"2017-07-08T12:08:39","modified_gmt":"2017-07-08T10:08:39","slug":"accueil","status":"publish","type":"page","link":"https:\/\/chatalors.fr\/","title":{"rendered":"Accueil"},"content":{"rendered":"<p>Ma pension se situe sur la commune de Parennes entre Conlie et Sill\u00e9 le Guillaume.<\/p>\n<p>Elle est ouverte tous les jours sauf le dimanche.<\/p>\n<p>&nbsp;<\/p>\n<p>Si vous n&#8217;\u00eates pas disponible pendant les heures d&#8217;ouverture, n&#8217;h\u00e9sitez pas \u00e0 me le <a href=\"https:\/\/chatalors.fr\/index.php\/contact\/\">dire<\/a>.<\/p>\n<p>Nous pourrons toujours trouver une solution !<\/p>\n","protected":false},"excerpt":{"rendered":"<p>Ma pension se situe sur la commune de Parennes entre Conlie et Sill\u00e9 le Guillaume. Elle est ouverte tous les jours sauf le dimanche. &nbsp; Si vous n&#8217;\u00eates pas disponible pendant les heures d&#8217;ouverture, n&#8217;h\u00e9sitez pas \u00e0 me le dire. Nous pourrons toujours trouver une solution !<\/p>\n","protected":false},"author":1,"featured_media":0,"parent":0,"menu_order":0,"comment_status":"closed","ping_status":"closed","template":"","meta":{"jetpack_post_was_ever_published":false,"footnotes":""},"class_list":["post-40","page","type-page","status-publish","hentry"],"yoast_head":"<!-- This site is optimized with the Yoast SEO plugin v19.14 - https:\/\/yoast.com\/wordpress\/plugins\/seo\/ -->\n<title>Chat Alors ! Nouvelle pension f\u00e9line sarthoise \u00e0 Parennes<\/title>\n<meta name=\"description\" content=\"Chat Alors ! Nouvelle pension f\u00e9line sarthoise \u00e0 Parennes. Id\u00e9alement situ\u00e9e entre Sill\u00e9 le Guillaume et Coline, \u00e0 40 minutes de Laval et du Mans\" \/>\n<meta name=\"robots\" content=\"index, follow, max-snippet:-1, max-image-preview:large, max-video-preview:-1\" \/>\n<link rel=\"canonical\" href=\"https:\/\/chatalors.fr\/\" \/>\n<meta property=\"og:locale\" content=\"fr_FR\" \/>\n<meta property=\"og:type\" content=\"article\" \/>\n<meta property=\"og:title\" content=\"Chat Alors ! Nouvelle pension f\u00e9line sarthoise \u00e0 Parennes\" \/>\n<meta property=\"og:description\" content=\"Chat Alors ! Nouvelle pension f\u00e9line sarthoise \u00e0 Parennes. Id\u00e9alement situ\u00e9e entre Sill\u00e9 le Guillaume et Coline, \u00e0 40 minutes de Laval et du Mans\" \/>\n<meta property=\"og:url\" content=\"https:\/\/chatalors.fr\/\" \/>\n<meta property=\"og:site_name\" content=\"Chat Alors !\" \/>\n<meta property=\"article:modified_time\" content=\"2017-07-08T10:08:39+00:00\" \/>\n<meta name=\"twitter:card\" content=\"summary_large_image\" \/>\n<script type=\"application\/ld+json\" class=\"yoast-schema-graph\">{\"@context\":\"https:\/\/schema.org\",\"@graph\":[{\"@type\":\"WebPage\",\"@id\":\"https:\/\/chatalors.fr\/\",\"url\":\"https:\/\/chatalors.fr\/\",\"name\":\"Chat Alors ! Nouvelle pension f\u00e9line sarthoise \u00e0 Parennes\",\"isPartOf\":{\"@id\":\"https:\/\/chatalors.fr\/#website\"},\"datePublished\":\"2017-06-25T10:07:32+00:00\",\"dateModified\":\"2017-07-08T10:08:39+00:00\",\"description\":\"Chat Alors ! Nouvelle pension f\u00e9line sarthoise \u00e0 Parennes. Id\u00e9alement situ\u00e9e entre Sill\u00e9 le Guillaume et Coline, \u00e0 40 minutes de Laval et du Mans\",\"breadcrumb\":{\"@id\":\"https:\/\/chatalors.fr\/#breadcrumb\"},\"inLanguage\":\"fr-FR\",\"potentialAction\":[{\"@type\":\"ReadAction\",\"target\":[\"https:\/\/chatalors.fr\/\"]}]},{\"@type\":\"BreadcrumbList\",\"@id\":\"https:\/\/chatalors.fr\/#breadcrumb\",\"itemListElement\":[{\"@type\":\"ListItem\",\"position\":1,\"name\":\"Accueil\",\"item\":\"https:\/\/chatalors.fr\/\"},{\"@type\":\"ListItem\",\"position\":2,\"name\":\"Accueil\"}]},{\"@type\":\"WebSite\",\"@id\":\"https:\/\/chatalors.fr\/#website\",\"url\":\"https:\/\/chatalors.fr\/\",\"name\":\"Chat Alors !\",\"description\":\"Pension f\u00e9line sur la commune de Parennes pr\u00e8s du Mans et Laval\",\"potentialAction\":[{\"@type\":\"SearchAction\",\"target\":{\"@type\":\"EntryPoint\",\"urlTemplate\":\"https:\/\/chatalors.fr\/?s={search_term_string}\"},\"query-input\":\"required name=search_term_string\"}],\"inLanguage\":\"fr-FR\"}]}<\/script>\n<!-- \/ Yoast SEO plugin. -->","yoast_head_json":{"title":"Chat Alors ! Nouvelle pension f\u00e9line sarthoise \u00e0 Parennes","description":"Chat Alors ! Nouvelle pension f\u00e9line sarthoise \u00e0 Parennes. Id\u00e9alement situ\u00e9e entre Sill\u00e9 le Guillaume et Coline, \u00e0 40 minutes de Laval et du Mans","robots":{"index":"index","follow":"follow","max-snippet":"max-snippet:-1","max-image-preview":"max-image-preview:large","max-video-preview":"max-video-preview:-1"},"canonical":"https:\/\/chatalors.fr\/","og_locale":"fr_FR","og_type":"article","og_title":"Chat Alors ! Nouvelle pension f\u00e9line sarthoise \u00e0 Parennes","og_description":"Chat Alors ! Nouvelle pension f\u00e9line sarthoise \u00e0 Parennes. Id\u00e9alement situ\u00e9e entre Sill\u00e9 le Guillaume et Coline, \u00e0 40 minutes de Laval et du Mans","og_url":"https:\/\/chatalors.fr\/","og_site_name":"Chat Alors !","article_modified_time":"2017-07-08T10:08:39+00:00","twitter_card":"summary_large_image","schema":{"@context":"https:\/\/schema.org","@graph":[{"@type":"WebPage","@id":"https:\/\/chatalors.fr\/","url":"https:\/\/chatalors.fr\/","name":"Chat Alors ! Nouvelle pension f\u00e9line sarthoise \u00e0 Parennes","isPartOf":{"@id":"https:\/\/chatalors.fr\/#website"},"datePublished":"2017-06-25T10:07:32+00:00","dateModified":"2017-07-08T10:08:39+00:00","description":"Chat Alors ! Nouvelle pension f\u00e9line sarthoise \u00e0 Parennes. Id\u00e9alement situ\u00e9e entre Sill\u00e9 le Guillaume et Coline, \u00e0 40 minutes de Laval et du Mans","breadcrumb":{"@id":"https:\/\/chatalors.fr\/#breadcrumb"},"inLanguage":"fr-FR","potentialAction":[{"@type":"ReadAction","target":["https:\/\/chatalors.fr\/"]}]},{"@type":"BreadcrumbList","@id":"https:\/\/chatalors.fr\/#breadcrumb","itemListElement":[{"@type":"ListItem","position":1,"name":"Accueil","item":"https:\/\/chatalors.fr\/"},{"@type":"ListItem","position":2,"name":"Accueil"}]},{"@type":"WebSite","@id":"https:\/\/chatalors.fr\/#website","url":"https:\/\/chatalors.fr\/","name":"Chat Alors !","description":"Pension f\u00e9line sur la commune de Parennes pr\u00e8s du Mans et Laval","potentialAction":[{"@type":"SearchAction","target":{"@type":"EntryPoint","urlTemplate":"https:\/\/chatalors.fr\/?s={search_term_string}"},"query-input":"required name=search_term_string"}],"inLanguage":"fr-FR"}]}},"jetpack_sharing_enabled":false,"jetpack_shortlink":"https:\/\/wp.me\/P8S674-E","jetpack-related-posts":[{"id":78,"url":"https:\/\/chatalors.fr\/index.php\/presentation\/","url_meta":{"origin":40,"position":0},"title":"Pr\u00e9sentation","date":"25 juin 2017","format":false,"excerpt":"Je m'appelle Ang\u00e9lique, pendant 26 ans j'ai travaill\u00e9 dans la grande distribution en tant qu'h\u00f4tesse de caisse. En 2015, j'ai d\u00e9cid\u00e9 de quitter mon emploi pour r\u00e9aliser mon r\u00eave, m'occuper d'animaux. Apr\u00e8s une formation de 8 mois et un stage de 2 mois, j'ai pass\u00e9 le Certificat de Capacit\u00e9 pour\u2026","rel":"","context":"Article similaire","img":{"alt_text":"","src":"https:\/\/i0.wp.com\/chatalors.fr\/wp-content\/uploads\/2017\/06\/image1-1-e1498508230140.jpg?fit=1200%2C518&ssl=1&resize=350%2C200","width":350,"height":200},"classes":[]},{"id":183,"url":"https:\/\/chatalors.fr\/index.php\/notre-vie-dans-notre-pension\/","url_meta":{"origin":40,"position":1},"title":"NOTRE VIE DANS NOTRE PENSION","date":"17 f\u00e9vrier 2020","format":false,"excerpt":"Nous nous appellons Chepa, Tilly, Anthracite, P\u00e9lagie, Yogi, Maya, Pitchoune, Boule de neige, Plume, Ozaka, Nanou etc\u2026\u2026\u2026et nous allons vous raconter comment se d\u00e9roule notre s\u00e9jour \u00e0 la pension. Notre pension se situe en pleine campagne, il n'y a aucun bruit \u00e0 part celui des oiseaux. La personne qui s'occupe\u2026","rel":"","context":"Article similaire","img":{"alt_text":"","src":"https:\/\/i0.wp.com\/chatalors.fr\/wp-content\/uploads\/2017\/06\/image1-1-e1498508230140.jpg?fit=1200%2C518&ssl=1&resize=350%2C200","width":350,"height":200},"classes":[]},{"id":80,"url":"https:\/\/chatalors.fr\/index.php\/pension\/","url_meta":{"origin":40,"position":2},"title":"Pension","date":"25 juin 2017","format":false,"excerpt":"J'ai fait transformer une grande d\u00e9pendance afin de pouvoir accueillir au mieux mes pensionnaires. A l'int\u00e9rieur, il y a 6 chambres de 3m\u00b2 chacune, am\u00e9nag\u00e9e de jouets, de griffoirs et d'un endroit o\u00f9 l'animal peut s'isoler. Elles sont toutes \u00e9quip\u00e9es d'une fen\u00eatre donnant sur une petite cour grillag\u00e9e et couverte\u2026","rel":"","context":"Article similaire","img":{"alt_text":"","src":"","width":0,"height":0},"classes":[]},{"id":86,"url":"https:\/\/chatalors.fr\/index.php\/reservation\/","url_meta":{"origin":40,"position":3},"title":"R\u00e9servation","date":"25 juin 2017","format":false,"excerpt":"Pour toutes r\u00e9servations, un acompte de 30% vous sera demand\u00e9, un mail de r\u00e9ception vous sera envoy\u00e9 et confirmera votre r\u00e9servation. Le solde vous sera demand\u00e9 \u00e0 l'arriv\u00e9e de votre animal. Le calcul du s\u00e9jour se fait \u00e0 la nuit\u00e9e. Si l'animal est encore pr\u00e9sent apr\u00e8s 11h le jour du\u2026","rel":"","context":"Article similaire","img":{"alt_text":"","src":"","width":0,"height":0},"classes":[]},{"id":88,"url":"https:\/\/chatalors.fr\/index.php\/tarifs\/","url_meta":{"origin":40,"position":4},"title":"Tarifs","date":"25 juin 2017","format":false,"excerpt":"A partir du 1er Janvier 2025 : - 14 \u20ac par nuit pour 1 chat - 11 \u20ac par nuit \u00e0 partir de 2 chats (de la m\u00eame famille et h\u00e9berg\u00e9s dans la m\u00eame chambre) - suppl\u00e9ment de 0.80 \u20ac si la pension fournie la nourriture Autres animaux (hamster, lapin,\u2026","rel":"","context":"Article similaire","img":{"alt_text":"","src":"","width":0,"height":0},"classes":[]},{"id":90,"url":"https:\/\/chatalors.fr\/index.php\/reglement\/","url_meta":{"origin":40,"position":5},"title":"R\u00e8glement","date":"25 juin 2017","format":false,"excerpt":"Pour que le s\u00e9jour de votre animal se passe au mieux, voici quelques r\u00e8gles concernant ma pension. Votre animal doit \u00eatre identifi\u00e9 et \u00e0 jour dans ses vaccins Je garde le carnet de vaccination et le certificat d'identification pendant tout le s\u00e9jour de votre animal Votre animal doit \u00eatre en\u2026","rel":"","context":"Article similaire","img":{"alt_text":"","src":"https:\/\/i0.wp.com\/chatalors.fr\/wp-content\/uploads\/2017\/06\/image1-e1498386342143.jpg?fit=1200%2C1200&ssl=1&resize=350%2C200","width":350,"height":200},"classes":[]}],"_links":{"self":[{"href":"https:\/\/chatalors.fr\/index.php\/wp-json\/wp\/v2\/pages\/40","targetHints":{"allow":["GET"]}}],"collection":[{"href":"https:\/\/chatalors.fr\/index.php\/wp-json\/wp\/v2\/pages"}],"about":[{"href":"https:\/\/chatalors.fr\/index.php\/wp-json\/wp\/v2\/types\/page"}],"author":[{"embeddable":true,"href":"https:\/\/chatalors.fr\/index.php\/wp-json\/wp\/v2\/users\/1"}],"replies":[{"embeddable":true,"href":"https:\/\/chatalors.fr\/index.php\/wp-json\/wp\/v2\/comments?post=40"}],"version-history":[{"count":9,"href":"https:\/\/chatalors.fr\/index.php\/wp-json\/wp\/v2\/pages\/40\/revisions"}],"predecessor-version":[{"id":149,"href":"https:\/\/chatalors.fr\/index.php\/wp-json\/wp\/v2\/pages\/40\/revisions\/149"}],"wp:attachment":[{"href":"https:\/\/chatalors.fr\/index.php\/wp-json\/wp\/v2\/media?parent=40"}],"curies":[{"name":"wp","href":"https:\/\/api.w.org\/{rel}","templated":true}]}}