{"id":82,"date":"2017-06-25T13:00:47","date_gmt":"2017-06-25T11:00:47","guid":{"rendered":"http:\/\/chatalors.fr\/?page_id=82"},"modified":"2017-06-27T23:23:34","modified_gmt":"2017-06-27T21:23:34","slug":"livre-dor","status":"publish","type":"page","link":"https:\/\/chatalors.fr\/index.php\/livre-dor\/","title":{"rendered":"Livre d&#8217;or"},"content":{"rendered":"<div class=\"gwolle-gb\"><div class=\"gwolle_gb_messages_top_container\"><\/div>\n\t\t\t<div class=\"gwolle-gb-write-button\">\n\t\t\t\t<input type=\"button\" name=\"gwolle-gb-write-button\" class=\"button btn btn-default \" value=\"\u00c9crire un nouveau message.\" \/>\n\t\t\t<\/div>\n\t\t\t<form action=\"#\" method=\"POST\" class=\"gwolle-gb-write gwolle-gb-hide gwolle-gb-float gwolle_gb_form_ajax gwolle-gb-form-ajax gwolle-gb-ajax gwolle-gb-not-logged-in\">\n\t\t\t\t<h3><\/h3>\n\t\t\t\t<button type=\"button\" class=\"gb-notice-dismiss\">x<span class=\"screen-reader-text\">Masquer ce formulaire.<\/span><\/button>\n\t\t\t\n\t\t\t\t<input type=\"hidden\" name=\"gwolle_gb_function\" class=\"gwolle_gb_function\" value=\"add_entry\" \/><input type=\"hidden\" name=\"gwolle_gb_book_id\" class=\"gwolle_gb_book_id\" value=\"1\" \/><div class=\"gwolle_gb_dc66fea989cb067495508de7a1374879\">\n\t\t\t\t<div class=\"label\"><label for=\"gwolle_gb_dc66fea989cb067495508de7a1374879\" class=\"text-info\">Nom <span class=\"required\">*<\/span><\/label><\/div>\n\t\t\t\t<div class=\"input\"><input class=\"wp-exclude-emoji gwolle_gb_dc66fea989cb067495508de7a1374879\" value=\"\" type=\"text\" name=\"gwolle_gb_dc66fea989cb067495508de7a1374879\" required \/><\/div>\n\t\t\t\t<div class=\"clearBoth\">&nbsp;<\/div>\n\t\t\t<\/div><div class=\"gwolle_gb_f98940c1dc9593a32dfc8c5be9beda19\">\n\t\t\t\t\t<div class=\"label\"><label for=\"gwolle_gb_f98940c1dc9593a32dfc8c5be9beda19\" class=\"text-info\">Ville<\/label><\/div>\n\t\t\t\t\t<div class=\"input\"><input class=\"wp-exclude-emoji gwolle_gb_f98940c1dc9593a32dfc8c5be9beda19\" value=\"\" type=\"text\" name=\"gwolle_gb_f98940c1dc9593a32dfc8c5be9beda19\" \/><\/div>\n\t\t\t\t\t<div class=\"clearBoth\">&nbsp;<\/div>\n\t\t\t\t<\/div><div class=\"gwolle_gb_7291d84642161d8ae5d070a0bf0ded95\">\n\t\t\t\t<div class=\"label\"><label for=\"gwolle_gb_7291d84642161d8ae5d070a0bf0ded95\" class=\"text-info\">E-mail <span class=\"required\">*<\/span><\/label><\/div>\n\t\t\t\t<div class=\"input\"><input class=\"gwolle_gb_7291d84642161d8ae5d070a0bf0ded95\" value=\"\" type=\"email\" name=\"gwolle_gb_7291d84642161d8ae5d070a0bf0ded95\" required \/><\/div>\n\t\t\t\t<div class=\"clearBoth\">&nbsp;<\/div>\n\t\t\t<\/div><div class=\"gwolle_gb_54e9113b4ab7b5459fb1a56c84275d8a\">\n\t\t\t\t<div class=\"label\"><label for=\"gwolle_gb_54e9113b4ab7b5459fb1a56c84275d8a\" class=\"text-info\">Site web<\/label><\/div>\n\t\t\t\t<div class=\"input\"><input class=\"gwolle_gb_54e9113b4ab7b5459fb1a56c84275d8a\" value=\"\" type=\"url\" name=\"gwolle_gb_54e9113b4ab7b5459fb1a56c84275d8a\" \/><\/div>\n\t\t\t\t<div class=\"clearBoth\">&nbsp;<\/div>\n\t\t\t<\/div>\n\t\t\t<div class=\"gwolle_gb_48e3920fdc3ed3c1662faf95ccc874e6\" style=\"display:none;overflow:hidden;\" hidden=\"true\" aria-hidden=\"true\">\n\t\t\t\t<div class=\"label\">\n\t\t\t\t\t<label for=\"gwolle_gb_48e3920fdc3ed3c1662faf95ccc874e6\" class=\"text-primary\">Ne touchez pas \u00e0 ceci<\/label>\n\t\t\t\t\t<label for=\"gwolle_gb_d28344aaaaa35e7bbb49ca0da68cde01\" class=\"text-primary\">Ne touchez pas \u00e0 ceci<\/label>\n\t\t\t\t<\/div>\n\t\t\t\t<div class=\"input\">\n\t\t\t\t\t<input value=\"85\" type=\"text\" name=\"gwolle_gb_48e3920fdc3ed3c1662faf95ccc874e6\" class=\"gwolle_gb_48e3920fdc3ed3c1662faf95ccc874e6\" style=\"transform: translateY(10000px);\" \/>\n\t\t\t\t\t<input value=\"\" type=\"text\" name=\"gwolle_gb_d28344aaaaa35e7bbb49ca0da68cde01\" class=\"gwolle_gb_d28344aaaaa35e7bbb49ca0da68cde01\" style=\"transform: translateY(10000px);\" \/>\n\t\t\t\t<\/div>\n\t\t\t\t<div class=\"clearBoth\"><\/div>\n\t\t\t<\/div>\n\t\t\t<div class=\"gwolle_gb_5aed5408577fe6a428d4b035b9fe9149\" style=\"display:none;overflow:hidden;\" hidden=\"true\" aria-hidden=\"true\">\n\t\t\t\t<div class=\"label\">\n\t\t\t\t\t<label for=\"gwolle_gb_5aed5408577fe6a428d4b035b9fe9149\" class=\"text-primary\">Ne touchez pas \u00e0 ceci<\/label>\n\t\t\t\t\t<label for=\"gwolle_gb_b9b4aa35a986584b4eef441dea866a24\" class=\"text-primary\">Ne touchez pas \u00e0 ceci<\/label>\n\t\t\t\t<\/div>\n\t\t\t\t<div class=\"input\">\n\t\t\t\t\t<input value=\"25601\" type=\"text\" name=\"gwolle_gb_5aed5408577fe6a428d4b035b9fe9149\" class=\"gwolle_gb_5aed5408577fe6a428d4b035b9fe9149\" style=\"transform: translateY(10000px);\" \/>\n\t\t\t\t\t<input value=\"25601\" type=\"text\" name=\"gwolle_gb_b9b4aa35a986584b4eef441dea866a24\" class=\"gwolle_gb_b9b4aa35a986584b4eef441dea866a24\" style=\"transform: translateY(10000px);\" \/>\n\t\t\t\t<\/div>\n\t\t\t\t<div class=\"clearBoth\"><\/div>\n\t\t\t<\/div><div class=\"gwolle_gb_content\">\n\t\t\t\t<div class=\"label\"><label for=\"gwolle_gb_content\" class=\"text-info\">Message du livre d\u2019or <span class=\"required\">*<\/span><\/label><\/div>\n\t\t\t\t<div class=\"input\"><textarea name=\"gwolle_gb_content\" class=\"gwolle_gb_content wp-exclude-emoji\" required ><\/textarea><\/div>\n\t\t\t\t\t<div class=\"clearBoth\">&nbsp;<\/div>\n\t\t\t\t<\/div><input type=\"hidden\" class=\"gwolle_gb_bc8ca2d29d3ea0966cd72476ea6356cc\" name=\"gwolle_gb_bc8ca2d29d3ea0966cd72476ea6356cc\" value=\"b89afc8f7f\" \/>\n\t\t\t<div class=\"gwolle_gb_messages_bottom_container\"><\/div>\n\n\t\t\t<noscript><div class=\"no-js\">Avertissement\u00a0: Ce formulaire ne peut \u00eatre utilis\u00e9 que si JavaScript est activ\u00e9 dans votre navigateur.<\/div><\/noscript>\n\n\t\t\t<div class=\"gwolle_gb_submit\">\n\t\t\t\t<div class=\"label gwolle-gb-invisible text-muted\">&nbsp;<\/div>\n\t\t\t\t<div class=\"input\">\n\t\t\t\t\t<input type=\"submit\" name=\"gwolle_gb_submit\" class=\"gwolle_gb_submit button btn btn-primary \" value=\"Envoyer\" \/>\n\t\t\t\t\t<span class=\"gwolle_gb_submit_ajax_icon\"><\/span>\n\t\t\t\n\t\t\t\t<\/div>\n\t\t\t\t<div class=\"clearBoth\">&nbsp;<\/div>\n\t\t\t<\/div>\n\n\t\t\t<div class=\"gwolle_gb_notice\">\n\t\t\t\t\n\t\t\t<\/div><\/form><div class=\"gwolle-gb-read gwolle-gb-ajax gwolle-gb-entries-list\" data-book_id=\"1\" data-page_id=\"1\">\n\t\t<div id=\"gwolle-gb-total\" class=\"gwolle-gb-total\">5 messages.<\/div><!-- Gwolle-GB Entry: Default Template Loaded -->\n\t\t\t\t<div class=\"gb-entry gb-entry_90 gb-entry-count_1 gwolle_gb_uneven gwolle-gb-uneven gwolle-gb-first\" data-entry_id=\"90\">\n\t\t\t\t<article>\n\t\t\t\t\t<div class=\"gb-author-info\">\n\t\t\t\t\t\t<span class=\"gb-author-avatar\"><img referrerpolicy=\"no-referrer\" alt='SAGONE' src='https:\/\/secure.gravatar.com\/avatar\/a00af1b6593b0356f7b84520e08c7784?s=32&#038;d=mm&#038;r=g' srcset='https:\/\/secure.gravatar.com\/avatar\/a00af1b6593b0356f7b84520e08c7784?s=64&#038;d=mm&#038;r=g 2x' class='avatar avatar-32 photo' height='32' width='32' \/><\/span>\n\t\t\t\t\t\t<span class=\"gb-author-name\">SAGONE\n\t\t\t\t\t\t<\/span>\n\t\t\t\t\t\t<span class=\"gb-author-origin\">\n\t\t\t\t\t\t\t<span class=\"gb-author-origin-from-text\"> de<\/span>\n\t\t\t\t\t\t\t<span class=\"gb-author-origin-text\"> st jean d&#39;ass\u00e9<\/span>\n\t\t\t\t\t\t<\/span>\n\t\t\t\t\t\t<span class=\"gb-datetime\">\n\t\t\t\t\t\t\t<span class=\"gb-date\"><span class=\"gb-date-wrote-text\"> a \u00e9crit le<\/span><span class=\"gb-date-text\"> 29 avril 2019<\/span>\n\t\t\t\t\t\t\t<\/span><span class=\"gb-time\">\n\t\t\t\t\t\t\t\t\t<span class=\"gb-time-at-text\"> \u00e0<\/span>\n\t\t\t\t\t\t\t\t\t<span class=\"gb-time-text\"> 14 h 57 min<\/span>\n\t\t\t\t\t\t\t\t<\/span>\n\t\t\t\t\t\t<\/span> \n\t\t\t\t\t<\/div>\n\t\t\t\t\t<div class=\"gb-entry-content\">Pension \u00e0 recommander ; mon chat est bien accueilli et a sa mini cour pour son bain de soleil. Vous pouvez mettre votre compagnon en toute confiance chez Ang\u00e9lique.\n\t\t\t\t\t<\/div>\n\t\t\t\t<\/article>\n\t\t\t<\/div>\n\t\t\t<div class=\"gb-entry gb-entry_82 gb-entry-count_2 gwolle_gb_even gwolle-gb-even\" data-entry_id=\"82\">\n\t\t\t\t<article>\n\t\t\t\t\t<div class=\"gb-author-info\">\n\t\t\t\t\t\t<span class=\"gb-author-avatar\"><img referrerpolicy=\"no-referrer\" alt='Neveu' src='https:\/\/secure.gravatar.com\/avatar\/e92838092870f26cedb17983d08fa2ec?s=32&#038;d=mm&#038;r=g' srcset='https:\/\/secure.gravatar.com\/avatar\/e92838092870f26cedb17983d08fa2ec?s=64&#038;d=mm&#038;r=g 2x' class='avatar avatar-32 photo' height='32' width='32' \/><\/span>\n\t\t\t\t\t\t<span class=\"gb-author-name\">Neveu\n\t\t\t\t\t\t<\/span>\n\t\t\t\t\t\t<span class=\"gb-author-origin\">\n\t\t\t\t\t\t\t<span class=\"gb-author-origin-from-text\"> de<\/span>\n\t\t\t\t\t\t\t<span class=\"gb-author-origin-text\"> Soulign\u00e9 flac\u00e9<\/span>\n\t\t\t\t\t\t<\/span>\n\t\t\t\t\t\t<span class=\"gb-datetime\">\n\t\t\t\t\t\t\t<span class=\"gb-date\"><span class=\"gb-date-wrote-text\"> a \u00e9crit le<\/span><span class=\"gb-date-text\"> 7 octobre 2018<\/span>\n\t\t\t\t\t\t\t<\/span><span class=\"gb-time\">\n\t\t\t\t\t\t\t\t\t<span class=\"gb-time-at-text\"> \u00e0<\/span>\n\t\t\t\t\t\t\t\t\t<span class=\"gb-time-text\"> 21 h 45 min<\/span>\n\t\t\t\t\t\t\t\t<\/span>\n\t\t\t\t\t\t<\/span> \n\t\t\t\t\t<\/div>\n\t\t\t\t\t<div class=\"gb-entry-content\">Une pension irr\u00e9prochable. \nQue dire ? Les boxs sont grands, propres et la propri\u00e9taire fait penser \u00e0 une nourrice envers des enfants. \nOn sent l amour port\u00e9 \u00e0 nos petits animaux. \nNous lui avons laiss\u00e9 notre Nini et quand nous l&#039;avons r\u00e9cup\u00e9r\u00e9 on peut dire qu&#039;il ne nous a pas vraiment fait la f\u00eate car il voulait rester dans son box hi hi.\nQuel bonheur de partir en vacances l&#039;esprit tranquille car nos chats sont dans une pension irr\u00e9prochable. \nMerci beaucoup.\n\t\t\t\t\t<\/div>\n\t\t\t\t<\/article>\n\t\t\t<\/div>\n\t\t\t<div class=\"gb-entry gb-entry_4 gb-entry-count_3 gwolle_gb_uneven gwolle-gb-uneven\" data-entry_id=\"4\">\n\t\t\t\t<article>\n\t\t\t\t\t<div class=\"gb-author-info\">\n\t\t\t\t\t\t<span class=\"gb-author-avatar\"><img referrerpolicy=\"no-referrer\" alt='pichon' src='https:\/\/secure.gravatar.com\/avatar\/440a725f059cde173b476c6cde930509?s=32&#038;d=mm&#038;r=g' srcset='https:\/\/secure.gravatar.com\/avatar\/440a725f059cde173b476c6cde930509?s=64&#038;d=mm&#038;r=g 2x' class='avatar avatar-32 photo' height='32' width='32' \/><\/span>\n\t\t\t\t\t\t<span class=\"gb-author-name\">pichon\n\t\t\t\t\t\t<\/span>\n\t\t\t\t\t\t<span class=\"gb-author-origin\">\n\t\t\t\t\t\t\t<span class=\"gb-author-origin-from-text\"> de<\/span>\n\t\t\t\t\t\t\t<span class=\"gb-author-origin-text\"> hugo<\/span>\n\t\t\t\t\t\t<\/span>\n\t\t\t\t\t\t<span class=\"gb-datetime\">\n\t\t\t\t\t\t\t<span class=\"gb-date\"><span class=\"gb-date-wrote-text\"> a \u00e9crit le<\/span><span class=\"gb-date-text\"> 12 mai 2018<\/span>\n\t\t\t\t\t\t\t<\/span><span class=\"gb-time\">\n\t\t\t\t\t\t\t\t\t<span class=\"gb-time-at-text\"> \u00e0<\/span>\n\t\t\t\t\t\t\t\t\t<span class=\"gb-time-text\"> 19 h 27 min<\/span>\n\t\t\t\t\t\t\t\t<\/span>\n\t\t\t\t\t\t<\/span> \n\t\t\t\t\t<\/div>\n\t\t\t\t\t<div class=\"gb-entry-content\">Propri\u00e9taire arrangeante et accueillante on sent qu&#039;elle aime vraiment les chats (pas comme dans d&#039;autres endroits ) , les installations sont propres , r\u00e9centes et tr\u00e8s bien adapt\u00e9es . Et tout \u00e7a en pleine campagne , c&#039;est parfait . Je recommande vivement .\n\t\t\t\t\t<\/div>\n\t\t\t\t<\/article>\n\t\t\t<\/div>\n\t\t\t<div class=\"gb-entry gb-entry_3 gb-entry-count_4 gwolle_gb_even gwolle-gb-even\" data-entry_id=\"3\">\n\t\t\t\t<article>\n\t\t\t\t\t<div class=\"gb-author-info\">\n\t\t\t\t\t\t<span class=\"gb-author-avatar\"><img referrerpolicy=\"no-referrer\" alt='joel' src='https:\/\/secure.gravatar.com\/avatar\/b02f3c9c954e084c7738089ba85d11f1?s=32&#038;d=mm&#038;r=g' srcset='https:\/\/secure.gravatar.com\/avatar\/b02f3c9c954e084c7738089ba85d11f1?s=64&#038;d=mm&#038;r=g 2x' class='avatar avatar-32 photo' height='32' width='32' \/><\/span>\n\t\t\t\t\t\t<span class=\"gb-author-name\">joel\n\t\t\t\t\t\t<\/span>\n\t\t\t\t\t\t<span class=\"gb-author-origin\">\n\t\t\t\t\t\t\t<span class=\"gb-author-origin-from-text\"> de<\/span>\n\t\t\t\t\t\t\t<span class=\"gb-author-origin-text\"> le Mans<\/span>\n\t\t\t\t\t\t<\/span>\n\t\t\t\t\t\t<span class=\"gb-datetime\">\n\t\t\t\t\t\t\t<span class=\"gb-date\"><span class=\"gb-date-wrote-text\"> a \u00e9crit le<\/span><span class=\"gb-date-text\"> 6 novembre 2017<\/span>\n\t\t\t\t\t\t\t<\/span><span class=\"gb-time\">\n\t\t\t\t\t\t\t\t\t<span class=\"gb-time-at-text\"> \u00e0<\/span>\n\t\t\t\t\t\t\t\t\t<span class=\"gb-time-text\"> 13 h 50 min<\/span>\n\t\t\t\t\t\t\t\t<\/span>\n\t\t\t\t\t\t<\/span> \n\t\t\t\t\t<\/div>\n\t\t\t\t\t<div class=\"gb-entry-content\">Nous sommes partis quelques jours en vacances nous avons trouv\u00e9 la pension pour chat sur internet et nous ne regrettons pas notre choix c\u2019est le paradis des animaux en pleine campagne (la petite maison dans la prairie)  \nPension tr\u00e8s  propre grand espace pour les chambres et pour l\u2019ext\u00e9rieur.\nLes chats ont tous des c\u00e2lins par la propri\u00e9taire et plein de jouets, on voit que la responsable aime ces  petits pensionnaires, quand je suis revenu chercher mon chat il ne voulait plus repartir. \nMerci \u00e0 Ang\u00e9lique pour l\u2019amour qu\u2019elle apporte \u00e0 nos compagnons \u00e0 quatre pattes je recommande vivement cette pension.\nAnne et joel\n\t\t\t\t\t<\/div>\n\t\t\t\t<\/article>\n\t\t\t<\/div>\n\t\t\t<div class=\"gb-entry gb-entry_2 gb-entry-count_5 gwolle_gb_uneven gwolle-gb-uneven\" data-entry_id=\"2\">\n\t\t\t\t<article>\n\t\t\t\t\t<div class=\"gb-author-info\">\n\t\t\t\t\t\t<span class=\"gb-author-avatar\"><img referrerpolicy=\"no-referrer\" alt='Batteux Maryse' src='https:\/\/secure.gravatar.com\/avatar\/53784f39044a9f2132fcb86671f8d69a?s=32&#038;d=mm&#038;r=g' srcset='https:\/\/secure.gravatar.com\/avatar\/53784f39044a9f2132fcb86671f8d69a?s=64&#038;d=mm&#038;r=g 2x' class='avatar avatar-32 photo' height='32' width='32' \/><\/span>\n\t\t\t\t\t\t<span class=\"gb-author-name\">Batteux Maryse\n\t\t\t\t\t\t<\/span>\n\t\t\t\t\t\t<span class=\"gb-author-origin\">\n\t\t\t\t\t\t\t<span class=\"gb-author-origin-from-text\"> de<\/span>\n\t\t\t\t\t\t\t<span class=\"gb-author-origin-text\"> Chaufour Notre Dame<\/span>\n\t\t\t\t\t\t<\/span>\n\t\t\t\t\t\t<span class=\"gb-datetime\">\n\t\t\t\t\t\t\t<span class=\"gb-date\"><span class=\"gb-date-wrote-text\"> a \u00e9crit le<\/span><span class=\"gb-date-text\"> 13 juillet 2017<\/span>\n\t\t\t\t\t\t\t<\/span><span class=\"gb-time\">\n\t\t\t\t\t\t\t\t\t<span class=\"gb-time-at-text\"> \u00e0<\/span>\n\t\t\t\t\t\t\t\t\t<span class=\"gb-time-text\"> 7 h 01 min<\/span>\n\t\t\t\t\t\t\t\t<\/span>\n\t\t\t\t\t\t<\/span> \n\t\t\t\t\t<\/div>\n\t\t\t\t\t<div class=\"gb-entry-content\">Chat Alors ! L &#039;endroit id\u00e9al pour votre fid\u00e8le compagnon f\u00e9lin , que de belles journ\u00e9es en perspective ! SUPER\n\t\t\t\t\t<\/div>\n\t\t\t\t<\/article>\n\t\t\t<\/div>\n\t\t\t<\/div><\/div>\n","protected":false},"excerpt":{"rendered":"","protected":false},"author":1,"featured_media":0,"parent":0,"menu_order":0,"comment_status":"closed","ping_status":"closed","template":"","meta":{"jetpack_post_was_ever_published":false,"footnotes":""},"class_list":["post-82","page","type-page","status-publish","hentry"],"yoast_head":"<!-- This site is optimized with the Yoast SEO plugin v19.14 - https:\/\/yoast.com\/wordpress\/plugins\/seo\/ -->\n<title>Livre d&#039;or - Chat Alors !<\/title>\n<meta name=\"robots\" content=\"index, follow, max-snippet:-1, max-image-preview:large, max-video-preview:-1\" \/>\n<link rel=\"canonical\" href=\"https:\/\/chatalors.fr\/index.php\/livre-dor\/\" \/>\n<meta property=\"og:locale\" content=\"fr_FR\" \/>\n<meta property=\"og:type\" content=\"article\" \/>\n<meta property=\"og:title\" content=\"Livre d&#039;or - Chat Alors !\" \/>\n<meta property=\"og:url\" content=\"https:\/\/chatalors.fr\/index.php\/livre-dor\/\" \/>\n<meta property=\"og:site_name\" content=\"Chat Alors !\" \/>\n<meta property=\"article:modified_time\" content=\"2017-06-27T21:23:34+00:00\" \/>\n<meta name=\"twitter:card\" content=\"summary_large_image\" \/>\n<script type=\"application\/ld+json\" class=\"yoast-schema-graph\">{\"@context\":\"https:\/\/schema.org\",\"@graph\":[{\"@type\":\"WebPage\",\"@id\":\"https:\/\/chatalors.fr\/index.php\/livre-dor\/\",\"url\":\"https:\/\/chatalors.fr\/index.php\/livre-dor\/\",\"name\":\"Livre d'or - Chat Alors !\",\"isPartOf\":{\"@id\":\"https:\/\/chatalors.fr\/#website\"},\"datePublished\":\"2017-06-25T11:00:47+00:00\",\"dateModified\":\"2017-06-27T21:23:34+00:00\",\"breadcrumb\":{\"@id\":\"https:\/\/chatalors.fr\/index.php\/livre-dor\/#breadcrumb\"},\"inLanguage\":\"fr-FR\",\"potentialAction\":[{\"@type\":\"ReadAction\",\"target\":[\"https:\/\/chatalors.fr\/index.php\/livre-dor\/\"]}]},{\"@type\":\"BreadcrumbList\",\"@id\":\"https:\/\/chatalors.fr\/index.php\/livre-dor\/#breadcrumb\",\"itemListElement\":[{\"@type\":\"ListItem\",\"position\":1,\"name\":\"Accueil\",\"item\":\"https:\/\/chatalors.fr\/\"},{\"@type\":\"ListItem\",\"position\":2,\"name\":\"Livre d&#8217;or\"}]},{\"@type\":\"WebSite\",\"@id\":\"https:\/\/chatalors.fr\/#website\",\"url\":\"https:\/\/chatalors.fr\/\",\"name\":\"Chat Alors !\",\"description\":\"Pension f\u00e9line sur la commune de Parennes pr\u00e8s du Mans et Laval\",\"potentialAction\":[{\"@type\":\"SearchAction\",\"target\":{\"@type\":\"EntryPoint\",\"urlTemplate\":\"https:\/\/chatalors.fr\/?s={search_term_string}\"},\"query-input\":\"required name=search_term_string\"}],\"inLanguage\":\"fr-FR\"}]}<\/script>\n<!-- \/ Yoast SEO plugin. -->","yoast_head_json":{"title":"Livre d'or - Chat Alors !","robots":{"index":"index","follow":"follow","max-snippet":"max-snippet:-1","max-image-preview":"max-image-preview:large","max-video-preview":"max-video-preview:-1"},"canonical":"https:\/\/chatalors.fr\/index.php\/livre-dor\/","og_locale":"fr_FR","og_type":"article","og_title":"Livre d'or - Chat Alors !","og_url":"https:\/\/chatalors.fr\/index.php\/livre-dor\/","og_site_name":"Chat Alors !","article_modified_time":"2017-06-27T21:23:34+00:00","twitter_card":"summary_large_image","schema":{"@context":"https:\/\/schema.org","@graph":[{"@type":"WebPage","@id":"https:\/\/chatalors.fr\/index.php\/livre-dor\/","url":"https:\/\/chatalors.fr\/index.php\/livre-dor\/","name":"Livre d'or - Chat Alors !","isPartOf":{"@id":"https:\/\/chatalors.fr\/#website"},"datePublished":"2017-06-25T11:00:47+00:00","dateModified":"2017-06-27T21:23:34+00:00","breadcrumb":{"@id":"https:\/\/chatalors.fr\/index.php\/livre-dor\/#breadcrumb"},"inLanguage":"fr-FR","potentialAction":[{"@type":"ReadAction","target":["https:\/\/chatalors.fr\/index.php\/livre-dor\/"]}]},{"@type":"BreadcrumbList","@id":"https:\/\/chatalors.fr\/index.php\/livre-dor\/#breadcrumb","itemListElement":[{"@type":"ListItem","position":1,"name":"Accueil","item":"https:\/\/chatalors.fr\/"},{"@type":"ListItem","position":2,"name":"Livre d&#8217;or"}]},{"@type":"WebSite","@id":"https:\/\/chatalors.fr\/#website","url":"https:\/\/chatalors.fr\/","name":"Chat Alors !","description":"Pension f\u00e9line sur la commune de Parennes pr\u00e8s du Mans et Laval","potentialAction":[{"@type":"SearchAction","target":{"@type":"EntryPoint","urlTemplate":"https:\/\/chatalors.fr\/?s={search_term_string}"},"query-input":"required name=search_term_string"}],"inLanguage":"fr-FR"}]}},"jetpack_sharing_enabled":true,"jetpack_shortlink":"https:\/\/wp.me\/P8S674-1k","jetpack-related-posts":[],"_links":{"self":[{"href":"https:\/\/chatalors.fr\/index.php\/wp-json\/wp\/v2\/pages\/82","targetHints":{"allow":["GET"]}}],"collection":[{"href":"https:\/\/chatalors.fr\/index.php\/wp-json\/wp\/v2\/pages"}],"about":[{"href":"https:\/\/chatalors.fr\/index.php\/wp-json\/wp\/v2\/types\/page"}],"author":[{"embeddable":true,"href":"https:\/\/chatalors.fr\/index.php\/wp-json\/wp\/v2\/users\/1"}],"replies":[{"embeddable":true,"href":"https:\/\/chatalors.fr\/index.php\/wp-json\/wp\/v2\/comments?post=82"}],"version-history":[{"count":2,"href":"https:\/\/chatalors.fr\/index.php\/wp-json\/wp\/v2\/pages\/82\/revisions"}],"predecessor-version":[{"id":135,"href":"https:\/\/chatalors.fr\/index.php\/wp-json\/wp\/v2\/pages\/82\/revisions\/135"}],"wp:attachment":[{"href":"https:\/\/chatalors.fr\/index.php\/wp-json\/wp\/v2\/media?parent=82"}],"curies":[{"name":"wp","href":"https:\/\/api.w.org\/{rel}","templated":true}]}}