{"id":84,"date":"2017-06-25T13:00:57","date_gmt":"2017-06-25T11:00:57","guid":{"rendered":"http:\/\/chatalors.fr\/?page_id=84"},"modified":"2017-07-21T11:35:00","modified_gmt":"2017-07-21T09:35:00","slug":"contact","status":"publish","type":"page","link":"https:\/\/chatalors.fr\/index.php\/contact\/","title":{"rendered":"Contact"},"content":{"rendered":"<p>Vous pouvez me contacter \u00e0 tout moment via ce formulaire suivant, je m&#8217;efforcerai de vous r\u00e9pondre dans les plus brefs d\u00e9lais.<\/p>\n<div class=\"wpcf7 no-js\" id=\"wpcf7-f122-o1\" lang=\"fr-FR\" dir=\"ltr\">\n<div class=\"screen-reader-response\"><p role=\"status\" aria-live=\"polite\" aria-atomic=\"true\"><\/p> <ul><\/ul><\/div>\n<form action=\"\/index.php\/wp-json\/wp\/v2\/pages\/84#wpcf7-f122-o1\" method=\"post\" class=\"wpcf7-form init\" aria-label=\"Formulaire de contact\" novalidate=\"novalidate\" data-status=\"init\">\n<div style=\"display: none;\">\n<input type=\"hidden\" name=\"_wpcf7\" value=\"122\" \/>\n<input type=\"hidden\" name=\"_wpcf7_version\" value=\"5.7.2\" \/>\n<input type=\"hidden\" name=\"_wpcf7_locale\" value=\"fr_FR\" \/>\n<input type=\"hidden\" name=\"_wpcf7_unit_tag\" value=\"wpcf7-f122-o1\" \/>\n<input type=\"hidden\" name=\"_wpcf7_container_post\" value=\"0\" \/>\n<input type=\"hidden\" name=\"_wpcf7_posted_data_hash\" value=\"\" \/>\n<\/div>\n<p><label> Votre nom (obligatoire)<br \/>\n<span class=\"wpcf7-form-control-wrap\" data-name=\"your-name\"><input size=\"40\" class=\"wpcf7-form-control wpcf7-text wpcf7-validates-as-required\" aria-required=\"true\" aria-invalid=\"false\" value=\"\" type=\"text\" name=\"your-name\" \/><\/span> <\/label>\n<\/p>\n<p><label> Votre e-mail (obligatoire)<br \/>\n<span class=\"wpcf7-form-control-wrap\" data-name=\"your-email\"><input size=\"40\" class=\"wpcf7-form-control wpcf7-text wpcf7-email wpcf7-validates-as-required wpcf7-validates-as-email\" aria-required=\"true\" aria-invalid=\"false\" value=\"\" type=\"email\" name=\"your-email\" \/><\/span> <\/label>\n<\/p>\n<p><label> Sujet<br \/>\n<span class=\"wpcf7-form-control-wrap\" data-name=\"your-subject\"><input size=\"40\" class=\"wpcf7-form-control wpcf7-text\" aria-invalid=\"false\" value=\"\" type=\"text\" name=\"your-subject\" \/><\/span> <\/label>\n<\/p>\n<p><label> Votre message<br \/>\n<span class=\"wpcf7-form-control-wrap\" data-name=\"your-message\"><textarea cols=\"40\" rows=\"10\" class=\"wpcf7-form-control wpcf7-textarea\" aria-invalid=\"false\" name=\"your-message\"><\/textarea><\/span> <\/label>\n<\/p>\n<p><input class=\"wpcf7-form-control has-spinner wpcf7-submit\" type=\"submit\" value=\"Envoyer\" \/>\n<\/p><div class=\"wpcf7-response-output\" aria-hidden=\"true\"><\/div><\/form><\/div>\n<p><a href=\"http:\/\/www.servicemalin.com\/Garde-Animaux\/53196\">Angelique Batteux Garde de chats Sarthe 72<\/a><\/p>\n","protected":false},"excerpt":{"rendered":"<p>Vous pouvez me contacter \u00e0 tout moment via ce formulaire suivant, je m&#8217;efforcerai de vous r\u00e9pondre dans les plus brefs d\u00e9lais. Angelique Batteux Garde de chats Sarthe 72<\/p>\n","protected":false},"author":1,"featured_media":0,"parent":0,"menu_order":0,"comment_status":"closed","ping_status":"closed","template":"","meta":{"jetpack_post_was_ever_published":false,"footnotes":""},"class_list":["post-84","page","type-page","status-publish","hentry"],"yoast_head":"<!-- This site is optimized with the Yoast SEO plugin v19.14 - https:\/\/yoast.com\/wordpress\/plugins\/seo\/ -->\n<title>Contact - Chat Alors !<\/title>\n<meta name=\"robots\" content=\"index, follow, max-snippet:-1, max-image-preview:large, max-video-preview:-1\" \/>\n<link rel=\"canonical\" href=\"https:\/\/chatalors.fr\/index.php\/contact\/\" \/>\n<meta property=\"og:locale\" content=\"fr_FR\" \/>\n<meta property=\"og:type\" content=\"article\" \/>\n<meta property=\"og:title\" content=\"Contact - Chat Alors !\" \/>\n<meta property=\"og:description\" content=\"Vous pouvez me contacter \u00e0 tout moment via ce formulaire suivant, je m&#8217;efforcerai de vous r\u00e9pondre dans les plus brefs d\u00e9lais. Angelique Batteux Garde de chats Sarthe 72\" \/>\n<meta property=\"og:url\" content=\"https:\/\/chatalors.fr\/index.php\/contact\/\" \/>\n<meta property=\"og:site_name\" content=\"Chat Alors !\" \/>\n<meta property=\"article:modified_time\" content=\"2017-07-21T09:35:00+00:00\" \/>\n<meta name=\"twitter:card\" content=\"summary_large_image\" \/>\n<script type=\"application\/ld+json\" class=\"yoast-schema-graph\">{\"@context\":\"https:\/\/schema.org\",\"@graph\":[{\"@type\":\"WebPage\",\"@id\":\"https:\/\/chatalors.fr\/index.php\/contact\/\",\"url\":\"https:\/\/chatalors.fr\/index.php\/contact\/\",\"name\":\"Contact - Chat Alors !\",\"isPartOf\":{\"@id\":\"https:\/\/chatalors.fr\/#website\"},\"datePublished\":\"2017-06-25T11:00:57+00:00\",\"dateModified\":\"2017-07-21T09:35:00+00:00\",\"breadcrumb\":{\"@id\":\"https:\/\/chatalors.fr\/index.php\/contact\/#breadcrumb\"},\"inLanguage\":\"fr-FR\",\"potentialAction\":[{\"@type\":\"ReadAction\",\"target\":[\"https:\/\/chatalors.fr\/index.php\/contact\/\"]}]},{\"@type\":\"BreadcrumbList\",\"@id\":\"https:\/\/chatalors.fr\/index.php\/contact\/#breadcrumb\",\"itemListElement\":[{\"@type\":\"ListItem\",\"position\":1,\"name\":\"Accueil\",\"item\":\"https:\/\/chatalors.fr\/\"},{\"@type\":\"ListItem\",\"position\":2,\"name\":\"Contact\"}]},{\"@type\":\"WebSite\",\"@id\":\"https:\/\/chatalors.fr\/#website\",\"url\":\"https:\/\/chatalors.fr\/\",\"name\":\"Chat Alors !\",\"description\":\"Pension f\u00e9line sur la commune de Parennes pr\u00e8s du Mans et Laval\",\"potentialAction\":[{\"@type\":\"SearchAction\",\"target\":{\"@type\":\"EntryPoint\",\"urlTemplate\":\"https:\/\/chatalors.fr\/?s={search_term_string}\"},\"query-input\":\"required name=search_term_string\"}],\"inLanguage\":\"fr-FR\"}]}<\/script>\n<!-- \/ Yoast SEO plugin. -->","yoast_head_json":{"title":"Contact - Chat Alors !","robots":{"index":"index","follow":"follow","max-snippet":"max-snippet:-1","max-image-preview":"max-image-preview:large","max-video-preview":"max-video-preview:-1"},"canonical":"https:\/\/chatalors.fr\/index.php\/contact\/","og_locale":"fr_FR","og_type":"article","og_title":"Contact - Chat Alors !","og_description":"Vous pouvez me contacter \u00e0 tout moment via ce formulaire suivant, je m&#8217;efforcerai de vous r\u00e9pondre dans les plus brefs d\u00e9lais. Angelique Batteux Garde de chats Sarthe 72","og_url":"https:\/\/chatalors.fr\/index.php\/contact\/","og_site_name":"Chat Alors !","article_modified_time":"2017-07-21T09:35:00+00:00","twitter_card":"summary_large_image","schema":{"@context":"https:\/\/schema.org","@graph":[{"@type":"WebPage","@id":"https:\/\/chatalors.fr\/index.php\/contact\/","url":"https:\/\/chatalors.fr\/index.php\/contact\/","name":"Contact - Chat Alors !","isPartOf":{"@id":"https:\/\/chatalors.fr\/#website"},"datePublished":"2017-06-25T11:00:57+00:00","dateModified":"2017-07-21T09:35:00+00:00","breadcrumb":{"@id":"https:\/\/chatalors.fr\/index.php\/contact\/#breadcrumb"},"inLanguage":"fr-FR","potentialAction":[{"@type":"ReadAction","target":["https:\/\/chatalors.fr\/index.php\/contact\/"]}]},{"@type":"BreadcrumbList","@id":"https:\/\/chatalors.fr\/index.php\/contact\/#breadcrumb","itemListElement":[{"@type":"ListItem","position":1,"name":"Accueil","item":"https:\/\/chatalors.fr\/"},{"@type":"ListItem","position":2,"name":"Contact"}]},{"@type":"WebSite","@id":"https:\/\/chatalors.fr\/#website","url":"https:\/\/chatalors.fr\/","name":"Chat Alors !","description":"Pension f\u00e9line sur la commune de Parennes pr\u00e8s du Mans et Laval","potentialAction":[{"@type":"SearchAction","target":{"@type":"EntryPoint","urlTemplate":"https:\/\/chatalors.fr\/?s={search_term_string}"},"query-input":"required name=search_term_string"}],"inLanguage":"fr-FR"}]}},"jetpack_sharing_enabled":true,"jetpack_shortlink":"https:\/\/wp.me\/P8S674-1m","jetpack-related-posts":[{"id":201,"url":"https:\/\/chatalors.fr\/index.php\/wp-booking-calendar\/","url_meta":{"origin":84,"position":0},"title":"Formulaire de r\u00e9servation","date":"5 f\u00e9vrier 2025","format":false,"excerpt":"","rel":"","context":"Article similaire","img":{"alt_text":"","src":"","width":0,"height":0},"classes":[]},{"id":86,"url":"https:\/\/chatalors.fr\/index.php\/reservation\/","url_meta":{"origin":84,"position":1},"title":"R\u00e9servation","date":"25 juin 2017","format":false,"excerpt":"Pour toutes r\u00e9servations, un acompte de 30% vous sera demand\u00e9, un mail de r\u00e9ception vous sera envoy\u00e9 et confirmera votre r\u00e9servation. Le solde vous sera demand\u00e9 \u00e0 l'arriv\u00e9e de votre animal. Le calcul du s\u00e9jour se fait \u00e0 la nuit\u00e9e. Si l'animal est encore pr\u00e9sent apr\u00e8s 11h le jour du\u2026","rel":"","context":"Article similaire","img":{"alt_text":"","src":"","width":0,"height":0},"classes":[]},{"id":80,"url":"https:\/\/chatalors.fr\/index.php\/pension\/","url_meta":{"origin":84,"position":2},"title":"Pension","date":"25 juin 2017","format":false,"excerpt":"J'ai fait transformer une grande d\u00e9pendance afin de pouvoir accueillir au mieux mes pensionnaires. A l'int\u00e9rieur, il y a 6 chambres de 3m\u00b2 chacune, am\u00e9nag\u00e9e de jouets, de griffoirs et d'un endroit o\u00f9 l'animal peut s'isoler. Elles sont toutes \u00e9quip\u00e9es d'une fen\u00eatre donnant sur une petite cour grillag\u00e9e et couverte\u2026","rel":"","context":"Article similaire","img":{"alt_text":"","src":"","width":0,"height":0},"classes":[]},{"id":78,"url":"https:\/\/chatalors.fr\/index.php\/presentation\/","url_meta":{"origin":84,"position":3},"title":"Pr\u00e9sentation","date":"25 juin 2017","format":false,"excerpt":"Je m'appelle Ang\u00e9lique, pendant 26 ans j'ai travaill\u00e9 dans la grande distribution en tant qu'h\u00f4tesse de caisse. En 2015, j'ai d\u00e9cid\u00e9 de quitter mon emploi pour r\u00e9aliser mon r\u00eave, m'occuper d'animaux. Apr\u00e8s une formation de 8 mois et un stage de 2 mois, j'ai pass\u00e9 le Certificat de Capacit\u00e9 pour\u2026","rel":"","context":"Article similaire","img":{"alt_text":"","src":"https:\/\/i0.wp.com\/chatalors.fr\/wp-content\/uploads\/2017\/06\/image1-1-e1498508230140.jpg?fit=1200%2C518&ssl=1&resize=350%2C200","width":350,"height":200},"classes":[]},{"id":88,"url":"https:\/\/chatalors.fr\/index.php\/tarifs\/","url_meta":{"origin":84,"position":4},"title":"Tarifs","date":"25 juin 2017","format":false,"excerpt":"A partir du 1er Janvier 2025 : - 14 \u20ac par nuit pour 1 chat - 11 \u20ac par nuit \u00e0 partir de 2 chats (de la m\u00eame famille et h\u00e9berg\u00e9s dans la m\u00eame chambre) - suppl\u00e9ment de 0.80 \u20ac si la pension fournie la nourriture Autres animaux (hamster, lapin,\u2026","rel":"","context":"Article similaire","img":{"alt_text":"","src":"","width":0,"height":0},"classes":[]},{"id":90,"url":"https:\/\/chatalors.fr\/index.php\/reglement\/","url_meta":{"origin":84,"position":5},"title":"R\u00e8glement","date":"25 juin 2017","format":false,"excerpt":"Pour que le s\u00e9jour de votre animal se passe au mieux, voici quelques r\u00e8gles concernant ma pension. Votre animal doit \u00eatre identifi\u00e9 et \u00e0 jour dans ses vaccins Je garde le carnet de vaccination et le certificat d'identification pendant tout le s\u00e9jour de votre animal Votre animal doit \u00eatre en\u2026","rel":"","context":"Article similaire","img":{"alt_text":"","src":"https:\/\/i0.wp.com\/chatalors.fr\/wp-content\/uploads\/2017\/06\/image1-e1498386342143.jpg?fit=1200%2C1200&ssl=1&resize=350%2C200","width":350,"height":200},"classes":[]}],"_links":{"self":[{"href":"https:\/\/chatalors.fr\/index.php\/wp-json\/wp\/v2\/pages\/84","targetHints":{"allow":["GET"]}}],"collection":[{"href":"https:\/\/chatalors.fr\/index.php\/wp-json\/wp\/v2\/pages"}],"about":[{"href":"https:\/\/chatalors.fr\/index.php\/wp-json\/wp\/v2\/types\/page"}],"author":[{"embeddable":true,"href":"https:\/\/chatalors.fr\/index.php\/wp-json\/wp\/v2\/users\/1"}],"replies":[{"embeddable":true,"href":"https:\/\/chatalors.fr\/index.php\/wp-json\/wp\/v2\/comments?post=84"}],"version-history":[{"count":6,"href":"https:\/\/chatalors.fr\/index.php\/wp-json\/wp\/v2\/pages\/84\/revisions"}],"predecessor-version":[{"id":155,"href":"https:\/\/chatalors.fr\/index.php\/wp-json\/wp\/v2\/pages\/84\/revisions\/155"}],"wp:attachment":[{"href":"https:\/\/chatalors.fr\/index.php\/wp-json\/wp\/v2\/media?parent=84"}],"curies":[{"name":"wp","href":"https:\/\/api.w.org\/{rel}","templated":true}]}}