{"id":88,"date":"2017-06-25T13:01:15","date_gmt":"2017-06-25T11:01:15","guid":{"rendered":"http:\/\/chatalors.fr\/?page_id=88"},"modified":"2025-02-05T14:21:50","modified_gmt":"2025-02-05T13:21:50","slug":"tarifs","status":"publish","type":"page","link":"https:\/\/chatalors.fr\/index.php\/tarifs\/","title":{"rendered":"Tarifs"},"content":{"rendered":"<style type=\"text\/css\">.easingslider-147 { width: 100%; }.easingslider-147 .easingslider-image { max-height: 400px; max-width: 640px; }.easingslider-147 .easingslider-fade-in, .easingslider-fade-out { -webkit-animation-duration: 400ms; -moz-animation-duration: 400ms; animation-duration: 400ms; }<\/style><script type=\"text\/javascript\">window.EasingSlider147 = {\"width\":640,\"height\":400,\"singleItem\":true,\"items\":1,\"itemsDesktop\":false,\"itemsDesktopSmall\":false,\"itemsTablet\":false,\"itemsTabletSmall\":false,\"itemsMobile\":false,\"responsive\":true,\"lazyLoad\":true,\"autoPlay\":4000,\"slideSpeed\":400,\"navigation\":true,\"navigationText\":[\"\",\"\"],\"pagination\":true,\"autoHeight\":false,\"mouseDrag\":false,\"touchDrag\":false,\"addClassActive\":true,\"transitionStyle\":\"fade\"};<\/script><div data-id=\"147\" class=\"easingslider easingslider-147 easingslider-container easingslider-full-width easingslider-resizing-enabled easingslider-aspect-ratio easingslider-arrows-inside easingslider-pagination-inside easingslider-pagination-bottom-center\"><div class=\"easingslider-slide\"><img decoding=\"async\" src=\"https:\/\/i0.wp.com\/chatalors.fr\/wp-content\/plugins\/easing-slider\/assets\/images\/placeholder-pixel.png?w=750&#038;ssl=1\" data-src=\"https:\/\/chatalors.fr\/wp-content\/uploads\/2017\/07\/image13-e1499505749409-640x400.jpg\" alt=\"\" title=\"\" class=\"easingslider-image easingslider-lazy\" data-recalc-dims=\"1\" \/><\/div><div class=\"easingslider-slide\"><img decoding=\"async\" src=\"https:\/\/i0.wp.com\/chatalors.fr\/wp-content\/plugins\/easing-slider\/assets\/images\/placeholder-pixel.png?w=750&#038;ssl=1\" data-src=\"https:\/\/chatalors.fr\/wp-content\/uploads\/2017\/07\/image3-e1499505823118-640x400.jpg\" alt=\"\" title=\"\" class=\"easingslider-image easingslider-lazy\" data-recalc-dims=\"1\" \/><\/div><\/div>\n<p>A partir du 1er Janvier 2025 :<\/p>\n<p>&#8211; 14 \u20ac par nuit pour 1 chat<\/p>\n<p>&#8211; 11 \u20ac par nuit \u00e0 partir de 2 chats (de la m\u00eame famille et h\u00e9berg\u00e9s dans la m\u00eame chambre)<\/p>\n<p>&#8211; suppl\u00e9ment de 0.80 \u20ac si la pension fournie la nourriture<\/p>\n<p>Autres animaux (hamster, lapin, cochon d&#8217;inde)<\/p>\n<p>3 \u20ac par nuit<\/p>\n<p>Pour toutes r\u00e9servations, un acompte de 30 % vous sera demand\u00e9, un mail de r\u00e9ception vous sera envoy\u00e9 et confirmera votre r\u00e9servation. Le solde vous sera demand\u00e9 \u00e0 l&#8217;arriv\u00e9e de votre animal.<\/p>\n<p>Le calcul du s\u00e9jour se fait \u00e0 la nuit\u00e9e, si l&#8217;animal est encore pr\u00e9sent apr\u00e8s 11 h le jour du d\u00e9part, le prix de la nuit\u00e9e suivante est compt\u00e9<\/p>\n","protected":false},"excerpt":{"rendered":"<p>A partir du 1er Janvier 2025 : &#8211; 14 \u20ac par nuit pour 1 chat &#8211; 11 \u20ac par nuit \u00e0 partir de 2 chats (de la m\u00eame famille et h\u00e9berg\u00e9s dans la m\u00eame chambre) &#8211; suppl\u00e9ment de 0.80 \u20ac si la pension fournie la nourriture Autres animaux (hamster, lapin, &hellip; <\/p>\n","protected":false},"author":1,"featured_media":0,"parent":0,"menu_order":0,"comment_status":"closed","ping_status":"closed","template":"","meta":{"jetpack_post_was_ever_published":false,"footnotes":""},"class_list":["post-88","page","type-page","status-publish","hentry"],"yoast_head":"<!-- This site is optimized with the Yoast SEO plugin v19.14 - https:\/\/yoast.com\/wordpress\/plugins\/seo\/ -->\n<title>Tarifs - Chat Alors !<\/title>\n<meta name=\"robots\" content=\"index, follow, max-snippet:-1, max-image-preview:large, max-video-preview:-1\" \/>\n<link rel=\"canonical\" href=\"https:\/\/chatalors.fr\/index.php\/tarifs\/\" \/>\n<meta property=\"og:locale\" content=\"fr_FR\" \/>\n<meta property=\"og:type\" content=\"article\" \/>\n<meta property=\"og:title\" content=\"Tarifs - Chat Alors !\" \/>\n<meta property=\"og:description\" content=\"A partir du 1er Janvier 2025 : &#8211; 14 \u20ac par nuit pour 1 chat &#8211; 11 \u20ac par nuit \u00e0 partir de 2 chats (de la m\u00eame famille et h\u00e9berg\u00e9s dans la m\u00eame chambre) &#8211; suppl\u00e9ment de 0.80 \u20ac si la pension fournie la nourriture Autres animaux (hamster, lapin, &hellip;\" \/>\n<meta property=\"og:url\" content=\"https:\/\/chatalors.fr\/index.php\/tarifs\/\" \/>\n<meta property=\"og:site_name\" content=\"Chat Alors !\" \/>\n<meta property=\"article:modified_time\" content=\"2025-02-05T13:21:50+00:00\" \/>\n<meta name=\"twitter:card\" content=\"summary_large_image\" \/>\n<meta name=\"twitter:label1\" content=\"Dur\u00e9e de lecture estim\u00e9e\" \/>\n\t<meta name=\"twitter:data1\" content=\"1 minute\" \/>\n<script type=\"application\/ld+json\" class=\"yoast-schema-graph\">{\"@context\":\"https:\/\/schema.org\",\"@graph\":[{\"@type\":\"WebPage\",\"@id\":\"https:\/\/chatalors.fr\/index.php\/tarifs\/\",\"url\":\"https:\/\/chatalors.fr\/index.php\/tarifs\/\",\"name\":\"Tarifs - Chat Alors !\",\"isPartOf\":{\"@id\":\"https:\/\/chatalors.fr\/#website\"},\"datePublished\":\"2017-06-25T11:01:15+00:00\",\"dateModified\":\"2025-02-05T13:21:50+00:00\",\"breadcrumb\":{\"@id\":\"https:\/\/chatalors.fr\/index.php\/tarifs\/#breadcrumb\"},\"inLanguage\":\"fr-FR\",\"potentialAction\":[{\"@type\":\"ReadAction\",\"target\":[\"https:\/\/chatalors.fr\/index.php\/tarifs\/\"]}]},{\"@type\":\"BreadcrumbList\",\"@id\":\"https:\/\/chatalors.fr\/index.php\/tarifs\/#breadcrumb\",\"itemListElement\":[{\"@type\":\"ListItem\",\"position\":1,\"name\":\"Accueil\",\"item\":\"https:\/\/chatalors.fr\/\"},{\"@type\":\"ListItem\",\"position\":2,\"name\":\"Tarifs\"}]},{\"@type\":\"WebSite\",\"@id\":\"https:\/\/chatalors.fr\/#website\",\"url\":\"https:\/\/chatalors.fr\/\",\"name\":\"Chat Alors !\",\"description\":\"Pension f\u00e9line sur la commune de Parennes pr\u00e8s du Mans et Laval\",\"potentialAction\":[{\"@type\":\"SearchAction\",\"target\":{\"@type\":\"EntryPoint\",\"urlTemplate\":\"https:\/\/chatalors.fr\/?s={search_term_string}\"},\"query-input\":\"required name=search_term_string\"}],\"inLanguage\":\"fr-FR\"}]}<\/script>\n<!-- \/ Yoast SEO plugin. -->","yoast_head_json":{"title":"Tarifs - Chat Alors !","robots":{"index":"index","follow":"follow","max-snippet":"max-snippet:-1","max-image-preview":"max-image-preview:large","max-video-preview":"max-video-preview:-1"},"canonical":"https:\/\/chatalors.fr\/index.php\/tarifs\/","og_locale":"fr_FR","og_type":"article","og_title":"Tarifs - Chat Alors !","og_description":"A partir du 1er Janvier 2025 : &#8211; 14 \u20ac par nuit pour 1 chat &#8211; 11 \u20ac par nuit \u00e0 partir de 2 chats (de la m\u00eame famille et h\u00e9berg\u00e9s dans la m\u00eame chambre) &#8211; suppl\u00e9ment de 0.80 \u20ac si la pension fournie la nourriture Autres animaux (hamster, lapin, &hellip;","og_url":"https:\/\/chatalors.fr\/index.php\/tarifs\/","og_site_name":"Chat Alors !","article_modified_time":"2025-02-05T13:21:50+00:00","twitter_card":"summary_large_image","twitter_misc":{"Dur\u00e9e de lecture estim\u00e9e":"1 minute"},"schema":{"@context":"https:\/\/schema.org","@graph":[{"@type":"WebPage","@id":"https:\/\/chatalors.fr\/index.php\/tarifs\/","url":"https:\/\/chatalors.fr\/index.php\/tarifs\/","name":"Tarifs - Chat Alors !","isPartOf":{"@id":"https:\/\/chatalors.fr\/#website"},"datePublished":"2017-06-25T11:01:15+00:00","dateModified":"2025-02-05T13:21:50+00:00","breadcrumb":{"@id":"https:\/\/chatalors.fr\/index.php\/tarifs\/#breadcrumb"},"inLanguage":"fr-FR","potentialAction":[{"@type":"ReadAction","target":["https:\/\/chatalors.fr\/index.php\/tarifs\/"]}]},{"@type":"BreadcrumbList","@id":"https:\/\/chatalors.fr\/index.php\/tarifs\/#breadcrumb","itemListElement":[{"@type":"ListItem","position":1,"name":"Accueil","item":"https:\/\/chatalors.fr\/"},{"@type":"ListItem","position":2,"name":"Tarifs"}]},{"@type":"WebSite","@id":"https:\/\/chatalors.fr\/#website","url":"https:\/\/chatalors.fr\/","name":"Chat Alors !","description":"Pension f\u00e9line sur la commune de Parennes pr\u00e8s du Mans et Laval","potentialAction":[{"@type":"SearchAction","target":{"@type":"EntryPoint","urlTemplate":"https:\/\/chatalors.fr\/?s={search_term_string}"},"query-input":"required name=search_term_string"}],"inLanguage":"fr-FR"}]}},"jetpack_sharing_enabled":true,"jetpack_shortlink":"https:\/\/wp.me\/P8S674-1q","jetpack-related-posts":[{"id":86,"url":"https:\/\/chatalors.fr\/index.php\/reservation\/","url_meta":{"origin":88,"position":0},"title":"R\u00e9servation","date":"25 juin 2017","format":false,"excerpt":"Pour toutes r\u00e9servations, un acompte de 30% vous sera demand\u00e9, un mail de r\u00e9ception vous sera envoy\u00e9 et confirmera votre r\u00e9servation. Le solde vous sera demand\u00e9 \u00e0 l'arriv\u00e9e de votre animal. Le calcul du s\u00e9jour se fait \u00e0 la nuit\u00e9e. Si l'animal est encore pr\u00e9sent apr\u00e8s 11h le jour du\u2026","rel":"","context":"Article similaire","img":{"alt_text":"","src":"","width":0,"height":0},"classes":[]},{"id":90,"url":"https:\/\/chatalors.fr\/index.php\/reglement\/","url_meta":{"origin":88,"position":1},"title":"R\u00e8glement","date":"25 juin 2017","format":false,"excerpt":"Pour que le s\u00e9jour de votre animal se passe au mieux, voici quelques r\u00e8gles concernant ma pension. Votre animal doit \u00eatre identifi\u00e9 et \u00e0 jour dans ses vaccins Je garde le carnet de vaccination et le certificat d'identification pendant tout le s\u00e9jour de votre animal Votre animal doit \u00eatre en\u2026","rel":"","context":"Article similaire","img":{"alt_text":"","src":"https:\/\/i0.wp.com\/chatalors.fr\/wp-content\/uploads\/2017\/06\/image1-e1498386342143.jpg?fit=1200%2C1200&ssl=1&resize=350%2C200","width":350,"height":200},"classes":[]},{"id":183,"url":"https:\/\/chatalors.fr\/index.php\/notre-vie-dans-notre-pension\/","url_meta":{"origin":88,"position":2},"title":"NOTRE VIE DANS NOTRE PENSION","date":"17 f\u00e9vrier 2020","format":false,"excerpt":"Nous nous appellons Chepa, Tilly, Anthracite, P\u00e9lagie, Yogi, Maya, Pitchoune, Boule de neige, Plume, Ozaka, Nanou etc\u2026\u2026\u2026et nous allons vous raconter comment se d\u00e9roule notre s\u00e9jour \u00e0 la pension. Notre pension se situe en pleine campagne, il n'y a aucun bruit \u00e0 part celui des oiseaux. La personne qui s'occupe\u2026","rel":"","context":"Article similaire","img":{"alt_text":"","src":"https:\/\/i0.wp.com\/chatalors.fr\/wp-content\/uploads\/2017\/06\/image1-1-e1498508230140.jpg?fit=1200%2C518&ssl=1&resize=350%2C200","width":350,"height":200},"classes":[]},{"id":78,"url":"https:\/\/chatalors.fr\/index.php\/presentation\/","url_meta":{"origin":88,"position":3},"title":"Pr\u00e9sentation","date":"25 juin 2017","format":false,"excerpt":"Je m'appelle Ang\u00e9lique, pendant 26 ans j'ai travaill\u00e9 dans la grande distribution en tant qu'h\u00f4tesse de caisse. En 2015, j'ai d\u00e9cid\u00e9 de quitter mon emploi pour r\u00e9aliser mon r\u00eave, m'occuper d'animaux. Apr\u00e8s une formation de 8 mois et un stage de 2 mois, j'ai pass\u00e9 le Certificat de Capacit\u00e9 pour\u2026","rel":"","context":"Article similaire","img":{"alt_text":"","src":"https:\/\/i0.wp.com\/chatalors.fr\/wp-content\/uploads\/2017\/06\/image1-1-e1498508230140.jpg?fit=1200%2C518&ssl=1&resize=350%2C200","width":350,"height":200},"classes":[]},{"id":80,"url":"https:\/\/chatalors.fr\/index.php\/pension\/","url_meta":{"origin":88,"position":4},"title":"Pension","date":"25 juin 2017","format":false,"excerpt":"J'ai fait transformer une grande d\u00e9pendance afin de pouvoir accueillir au mieux mes pensionnaires. A l'int\u00e9rieur, il y a 6 chambres de 3m\u00b2 chacune, am\u00e9nag\u00e9e de jouets, de griffoirs et d'un endroit o\u00f9 l'animal peut s'isoler. Elles sont toutes \u00e9quip\u00e9es d'une fen\u00eatre donnant sur une petite cour grillag\u00e9e et couverte\u2026","rel":"","context":"Article similaire","img":{"alt_text":"","src":"","width":0,"height":0},"classes":[]},{"id":40,"url":"https:\/\/chatalors.fr\/","url_meta":{"origin":88,"position":5},"title":"Accueil","date":"25 juin 2017","format":false,"excerpt":"Ma pension se situe sur la commune de Parennes entre Conlie et Sill\u00e9 le Guillaume. Elle est ouverte tous les jours sauf le dimanche. \u00a0 Si vous n'\u00eates pas disponible pendant les heures d'ouverture, n'h\u00e9sitez pas \u00e0 me le dire. Nous pourrons toujours trouver une solution !","rel":"","context":"Article similaire","img":{"alt_text":"","src":"","width":0,"height":0},"classes":[]}],"_links":{"self":[{"href":"https:\/\/chatalors.fr\/index.php\/wp-json\/wp\/v2\/pages\/88","targetHints":{"allow":["GET"]}}],"collection":[{"href":"https:\/\/chatalors.fr\/index.php\/wp-json\/wp\/v2\/pages"}],"about":[{"href":"https:\/\/chatalors.fr\/index.php\/wp-json\/wp\/v2\/types\/page"}],"author":[{"embeddable":true,"href":"https:\/\/chatalors.fr\/index.php\/wp-json\/wp\/v2\/users\/1"}],"replies":[{"embeddable":true,"href":"https:\/\/chatalors.fr\/index.php\/wp-json\/wp\/v2\/comments?post=88"}],"version-history":[{"count":9,"href":"https:\/\/chatalors.fr\/index.php\/wp-json\/wp\/v2\/pages\/88\/revisions"}],"predecessor-version":[{"id":199,"href":"https:\/\/chatalors.fr\/index.php\/wp-json\/wp\/v2\/pages\/88\/revisions\/199"}],"wp:attachment":[{"href":"https:\/\/chatalors.fr\/index.php\/wp-json\/wp\/v2\/media?parent=88"}],"curies":[{"name":"wp","href":"https:\/\/api.w.org\/{rel}","templated":true}]}}